{"id":922,"date":"2023-08-07T09:15:18","date_gmt":"2023-08-07T07:15:18","guid":{"rendered":"http:\/\/opeldanubia.hu\/?page_id=922"},"modified":"2023-08-07T09:25:54","modified_gmt":"2023-08-07T07:25:54","slug":"autoszereles","status":"publish","type":"page","link":"https:\/\/opeldanubia.hu\/index.php\/autoszereles\/","title":{"rendered":"Aut\u00f3szerel\u00e9s"},"content":{"rendered":"<p>[et_pb_section fb_built=&#8221;1&#8243; _builder_version=&#8221;4.21.2&#8243; _module_preset=&#8221;default&#8221; global_colors_info=&#8221;{}&#8221; theme_builder_area=&#8221;post_content&#8221;][et_pb_row column_structure=&#8221;1_2,1_2&#8243; _builder_version=&#8221;4.21.2&#8243; _module_preset=&#8221;default&#8221; global_colors_info=&#8221;{}&#8221; theme_builder_area=&#8221;post_content&#8221;][et_pb_column type=&#8221;1_2&#8243; _builder_version=&#8221;4.21.2&#8243; _module_preset=&#8221;default&#8221; global_colors_info=&#8221;{}&#8221; theme_builder_area=&#8221;post_content&#8221;][et_pb_image src=&#8221;http:\/\/opeldanubia.hu\/wp-content\/uploads\/2023\/08\/autszereles.webp&#8221; _builder_version=&#8221;4.21.2&#8243; _module_preset=&#8221;default&#8221; global_colors_info=&#8221;{}&#8221; theme_builder_area=&#8221;post_content&#8221; hover_enabled=&#8221;0&#8243; sticky_enabled=&#8221;0&#8243;][\/et_pb_image][\/et_pb_column][et_pb_column type=&#8221;1_2&#8243; _builder_version=&#8221;4.21.2&#8243; _module_preset=&#8221;default&#8221; global_colors_info=&#8221;{}&#8221; theme_builder_area=&#8221;post_content&#8221;][et_pb_text _builder_version=&#8221;4.21.2&#8243; _module_preset=&#8221;default&#8221; header_font=&#8221;Oswald|600|||||||&#8221; header_text_color=&#8221;#EFBF3A&#8221; header_font_size=&#8221;40px&#8221; custom_margin=&#8221;||0px||false|false&#8221; custom_padding=&#8221;||||false|false&#8221; header_font_size_tablet=&#8221;40px&#8221; header_font_size_phone=&#8221;20px&#8221; header_font_size_last_edited=&#8221;on|desktop&#8221; global_colors_info=&#8221;{}&#8221; theme_builder_area=&#8221;post_content&#8221; hover_enabled=&#8221;0&#8243; sticky_enabled=&#8221;0&#8243;]<\/p>\n<h1>Aut\u00f3szerel\u00e9s<\/h1>\n<p>[\/et_pb_text][et_pb_divider color=&#8221;#080C2B&#8221; divider_weight=&#8221;4px&#8221; _builder_version=&#8221;4.21.2&#8243; _module_preset=&#8221;default&#8221; width=&#8221;20%&#8221; global_colors_info=&#8221;{}&#8221; theme_builder_area=&#8221;post_content&#8221;][\/et_pb_divider][et_pb_text _builder_version=&#8221;4.21.2&#8243; _module_preset=&#8221;default&#8221; text_orientation=&#8221;justified&#8221; global_colors_info=&#8221;{}&#8221; theme_builder_area=&#8221;post_content&#8221; hover_enabled=&#8221;0&#8243; sticky_enabled=&#8221;0&#8243;]<\/p>\n<div>Aut\u00f3szerel\u00e9s: Mikor \u00e9rdemes szakemberhez fordulni?<\/div>\n<div><\/div>\n<div>Az aut\u00f3szerel\u00e9s mindannyiunk \u00e9let\u00e9ben el\u0151bb vagy ut\u00f3bb sz\u00fcks\u00e9gess\u00e9 v\u00e1lik. Az aut\u00f3k bonyolult szerkezete \u00e9s a folyamatos haszn\u00e1lat miatt id\u0151vel elker\u00fclhetetlenek a probl\u00e9m\u00e1k \u00e9s a jav\u00edt\u00e1sok. Azonban nem minden esetben sz\u00fcks\u00e9ges azonnal szakemberhez fordulni, hiszen n\u00e9h\u00e1ny egyszer\u0171 probl\u00e9m\u00e1t mi magunk is megoldhatunk. De mikor \u00e9rdemes ink\u00e1bb szakember seg\u00edts\u00e9g\u00e9t k\u00e9rn\u00fcnk?<\/div>\n<p>[\/et_pb_text][\/et_pb_column][\/et_pb_row][et_pb_row _builder_version=&#8221;4.21.2&#8243; _module_preset=&#8221;default&#8221; global_colors_info=&#8221;{}&#8221; theme_builder_area=&#8221;post_content&#8221;][et_pb_column type=&#8221;4_4&#8243; _builder_version=&#8221;4.21.2&#8243; _module_preset=&#8221;default&#8221; global_colors_info=&#8221;{}&#8221; theme_builder_area=&#8221;post_content&#8221;][et_pb_text _builder_version=&#8221;4.21.2&#8243; _module_preset=&#8221;default&#8221; text_orientation=&#8221;justified&#8221; global_colors_info=&#8221;{}&#8221; theme_builder_area=&#8221;post_content&#8221; hover_enabled=&#8221;0&#8243; sticky_enabled=&#8221;0&#8243;]Ebben a cikkben \u00e1ttekintj\u00fck a legfontosabb szempontokat, amelyek alapj\u00e1n d\u00f6nthet\u00fcnk arr\u00f3l, hogy szakemberhez forduljunk-e aut\u00f3szerel\u00e9si probl\u00e9m\u00e1k eset\u00e9n.<\/p>\n<p>Az els\u0151 \u00e9s legfontosabb szempont az, hogy mennyire \u00e9rt\u00fcnk az aut\u00f3szerel\u00e9shez. Ha nem rendelkez\u00fcnk megfelel\u0151 szaktud\u00e1ssal \u00e9s tapasztalattal, akkor jobb, ha nem pr\u00f3b\u00e1lkozunk meg a jav\u00edt\u00e1ssal. Az aut\u00f3k bonyolult rendszerei \u00e9s az elektronikus vez\u00e9rl\u0151egys\u00e9gek k\u00f6nnyen k\u00e1rosodhatnak, ha nem megfelel\u0151en kezelj\u00fck \u0151ket. Ebben az esetben mindig \u00e9rdemes szakemberhez fordulni, aki rendelkezik a sz\u00fcks\u00e9ges ismeretekkel \u00e9s tapasztalattal.<br \/>\nEgy m\u00e1sik fontos szempont az id\u0151 \u00e9s az energia. Az aut\u00f3szerel\u00e9s sok id\u0151t \u00e9s er\u0151fesz\u00edt\u00e9st ig\u00e9nyel, k\u00fcl\u00f6n\u00f6sen akkor, ha nem vagyunk j\u00e1rtasak a t\u00e9m\u00e1ban. Ha nincs elegend\u0151 id\u0151nk \u00e9s energi\u00e1nk a jav\u00edt\u00e1sra, akkor jobb, ha szakemberhez fordulunk. \u0150k gyorsan \u00e9s hat\u00e9konyan elv\u00e9gezik a sz\u00fcks\u00e9ges munk\u00e1t, \u00edgy mi nem kell agg\u00f3dnunk a probl\u00e9ma miatt.<\/p>\n<p>A k\u00f6vetkez\u0151 szempont a biztons\u00e1g. Az aut\u00f3kban sz\u00e1mos olyan alkatr\u00e9sz tal\u00e1lhat\u00f3, amelyek vesz\u00e9lyesek lehetnek, ha nem megfelel\u0151en kezelj\u00fck \u0151ket. P\u00e9ld\u00e1ul a f\u00e9kek vagy az \u00fczemanyagrendszer. Ha nem vagyunk biztosak abban, hogy biztons\u00e1gosan tudjuk elv\u00e9gezni a jav\u00edt\u00e1st, akkor mindenk\u00e9ppen szakemberhez kell fordulnunk. A biztons\u00e1g mindig az els\u0151 helyen kell, hogy \u00e1lljon.<\/p>\n<p>Az utols\u00f3, de nem kev\u00e9sb\u00e9 fontos szempont a k\u00f6lts\u00e9g. B\u00e1r a szakember seg\u00edts\u00e9ge p\u00e9nzbe ker\u00fcl, hossz\u00fa t\u00e1von sokkal olcs\u00f3bb lehet, mint ha mi magunk pr\u00f3b\u00e1lkozunk meg a jav\u00edt\u00e1ssal. Ha nem rendelkez\u00fcnk megfelel\u0151 eszk\u00f6z\u00f6kkel \u00e9s alkatr\u00e9szekkel, akkor k\u00f6nnyen el\u0151fordulhat, hogy csak rontunk a helyzeten, \u00e9s v\u00e9g\u00fcl m\u00e9g t\u00f6bb p\u00e9nzt kell k\u00f6lten\u00fcnk a jav\u00edt\u00e1sra. Ebben az esetben \u00e9rdemes szakemberhez fordulni, aki rendelkezik a sz\u00fcks\u00e9ges eszk\u00f6z\u00f6kkel \u00e9s alkatr\u00e9szekkel.\u00d6sszess\u00e9g\u00e9ben teh\u00e1t sz\u00e1mos szempontot kell figyelembe venn\u00fcnk, amikor eld\u00f6ntj\u00fck, hogy szakemberhez forduljunk-e aut\u00f3szerel\u00e9si probl\u00e9m\u00e1k eset\u00e9n. Ha nem \u00e9rt\u00fcnk az aut\u00f3szerel\u00e9shez, nincs elegend\u0151 id\u0151nk \u00e9s energi\u00e1nk, nem vagyunk biztosak a biztons\u00e1gos elv\u00e9gz\u00e9sben, vagy nem rendelkez\u00fcnk megfelel\u0151 eszk\u00f6z\u00f6kkel \u00e9s alkatr\u00e9szekkel, akkor mindenk\u00e9ppen \u00e9rdemes szakemberhez fordulni. A szakember seg\u00edts\u00e9ge garant\u00e1lja a probl\u00e9ma hat\u00e9kony \u00e9s biztons\u00e1gos megold\u00e1s\u00e1t, \u00e9s hossz\u00fa t\u00e1von ak\u00e1r p\u00e9nzt is megtakar\u00edthatunk vele.[\/et_pb_text][\/et_pb_column][\/et_pb_row][\/et_pb_section]<\/p>\n","protected":false},"excerpt":{"rendered":"<p>Aut\u00f3szerel\u00e9sAut\u00f3szerel\u00e9s: Mikor \u00e9rdemes szakemberhez fordulni? Az aut\u00f3szerel\u00e9s mindannyiunk \u00e9let\u00e9ben el\u0151bb vagy ut\u00f3bb sz\u00fcks\u00e9gess\u00e9 v\u00e1lik. Az aut\u00f3k bonyolult szerkezete \u00e9s a folyamatos haszn\u00e1lat miatt id\u0151vel elker\u00fclhetetlenek a probl\u00e9m\u00e1k \u00e9s a jav\u00edt\u00e1sok. Azonban nem minden esetben sz\u00fcks\u00e9ges azonnal szakemberhez fordulni, hiszen n\u00e9h\u00e1ny egyszer\u0171 probl\u00e9m\u00e1t mi magunk is megoldhatunk. De mikor \u00e9rdemes ink\u00e1bb szakember seg\u00edts\u00e9g\u00e9t k\u00e9rn\u00fcnk?Ebben a cikkben [&hellip;]<\/p>\n","protected":false},"author":1,"featured_media":0,"parent":0,"menu_order":0,"comment_status":"closed","ping_status":"closed","template":"","meta":{"_et_pb_use_builder":"on","_et_pb_old_content":"","_et_gb_content_width":"","inline_featured_image":false,"footnotes":""},"_links":{"self":[{"href":"https:\/\/opeldanubia.hu\/index.php\/wp-json\/wp\/v2\/pages\/922"}],"collection":[{"href":"https:\/\/opeldanubia.hu\/index.php\/wp-json\/wp\/v2\/pages"}],"about":[{"href":"https:\/\/opeldanubia.hu\/index.php\/wp-json\/wp\/v2\/types\/page"}],"author":[{"embeddable":true,"href":"https:\/\/opeldanubia.hu\/index.php\/wp-json\/wp\/v2\/users\/1"}],"replies":[{"embeddable":true,"href":"https:\/\/opeldanubia.hu\/index.php\/wp-json\/wp\/v2\/comments?post=922"}],"version-history":[{"count":3,"href":"https:\/\/opeldanubia.hu\/index.php\/wp-json\/wp\/v2\/pages\/922\/revisions"}],"predecessor-version":[{"id":940,"href":"https:\/\/opeldanubia.hu\/index.php\/wp-json\/wp\/v2\/pages\/922\/revisions\/940"}],"wp:attachment":[{"href":"https:\/\/opeldanubia.hu\/index.php\/wp-json\/wp\/v2\/media?parent=922"}],"curies":[{"name":"wp","href":"https:\/\/api.w.org\/{rel}","templated":true}]}}