{"id":921,"date":"2023-08-07T09:15:18","date_gmt":"2023-08-07T07:15:18","guid":{"rendered":"http:\/\/opeldanubia.hu\/?page_id=921"},"modified":"2023-08-07T09:34:06","modified_gmt":"2023-08-07T07:34:06","slug":"muszaki-vizsgaztatas","status":"publish","type":"page","link":"https:\/\/opeldanubia.hu\/index.php\/muszaki-vizsgaztatas\/","title":{"rendered":"M\u0171szaki vizsg\u00e1ztat\u00e1s"},"content":{"rendered":"<p>[et_pb_section fb_built=&#8221;1&#8243; _builder_version=&#8221;4.21.2&#8243; _module_preset=&#8221;default&#8221; global_colors_info=&#8221;{}&#8221;][et_pb_row column_structure=&#8221;1_2,1_2&#8243; _builder_version=&#8221;4.21.2&#8243; _module_preset=&#8221;default&#8221; global_colors_info=&#8221;{}&#8221;][et_pb_column type=&#8221;1_2&#8243; _builder_version=&#8221;4.21.2&#8243; _module_preset=&#8221;default&#8221; global_colors_info=&#8221;{}&#8221;][et_pb_image src=&#8221;http:\/\/opeldanubia.hu\/wp-content\/uploads\/2023\/08\/muszaki-vizsg.webp&#8221; _builder_version=&#8221;4.21.2&#8243; _module_preset=&#8221;default&#8221; hover_enabled=&#8221;0&#8243; global_colors_info=&#8221;{}&#8221; sticky_enabled=&#8221;0&#8243;][\/et_pb_image][\/et_pb_column][et_pb_column type=&#8221;1_2&#8243; _builder_version=&#8221;4.21.2&#8243; _module_preset=&#8221;default&#8221; global_colors_info=&#8221;{}&#8221;][et_pb_text _builder_version=&#8221;4.21.2&#8243; _module_preset=&#8221;default&#8221; header_font=&#8221;Oswald|600|||||||&#8221; header_text_color=&#8221;#EFBF3A&#8221; header_font_size=&#8221;40px&#8221; custom_margin=&#8221;||0px||false|false&#8221; custom_padding=&#8221;||||false|false&#8221; hover_enabled=&#8221;0&#8243; header_font_size_tablet=&#8221;40px&#8221; header_font_size_phone=&#8221;20px&#8221; header_font_size_last_edited=&#8221;on|desktop&#8221; global_colors_info=&#8221;{}&#8221; sticky_enabled=&#8221;0&#8243;]<\/p>\n<h1>M\u0171szaki vizsg\u00e1ztat\u00e1s<\/h1>\n<p>[\/et_pb_text][et_pb_divider color=&#8221;#080C2B&#8221; divider_weight=&#8221;4px&#8221; _builder_version=&#8221;4.21.2&#8243; _module_preset=&#8221;default&#8221; width=&#8221;20%&#8221; global_colors_info=&#8221;{}&#8221;][\/et_pb_divider][et_pb_text _builder_version=&#8221;4.21.2&#8243; _module_preset=&#8221;default&#8221; text_orientation=&#8221;justified&#8221; hover_enabled=&#8221;0&#8243; global_colors_info=&#8221;{}&#8221; sticky_enabled=&#8221;0&#8243;]<\/p>\n<p>A m\u0171szaki vizsg\u00e1ztat\u00e1s folyamata \u00e9s k\u00f6vetelm\u00e9nyei kulcsfontoss\u00e1g\u00faak az aut\u00f3k biztons\u00e1gos k\u00f6zleked\u00e9s\u00e9nek alapjai szempontj\u00e1b\u00f3l. A j\u00e1rm\u0171vek m\u0171szaki vizsg\u00e1ztat\u00e1s\u00e1nak fontoss\u00e1ga \u00e9s a k\u00f6vetelm\u00e9nyek betart\u00e1s\u00e1nak jelent\u0151s\u00e9ge nem csup\u00e1n a jogszab\u00e1lyoknak val\u00f3 megfelel\u00e9st jelenti, hanem az emberek \u00e9let\u00e9nek \u00e9s vagyon\u00e1nak v\u00e9delm\u00e9t is szolg\u00e1lja.<\/p>\n<p>[\/et_pb_text][\/et_pb_column][\/et_pb_row][et_pb_row _builder_version=&#8221;4.21.2&#8243; _module_preset=&#8221;default&#8221; global_colors_info=&#8221;{}&#8221;][et_pb_column type=&#8221;4_4&#8243; _builder_version=&#8221;4.21.2&#8243; _module_preset=&#8221;default&#8221; global_colors_info=&#8221;{}&#8221;][et_pb_text _builder_version=&#8221;4.21.2&#8243; _module_preset=&#8221;default&#8221; text_orientation=&#8221;justified&#8221; hover_enabled=&#8221;0&#8243; global_colors_info=&#8221;{}&#8221; sticky_enabled=&#8221;0&#8243;]<\/p>\n<p>A m\u0171szaki vizsg\u00e1ztat\u00e1s folyamata t\u00f6bb l\u00e9p\u00e9sb\u0151l \u00e1ll. El\u0151sz\u00f6r is, a j\u00e1rm\u0171vet be kell jelenteni a vizsg\u00e1ra, majd a vizsg\u00e1ztat\u00e1s sor\u00e1n a j\u00e1rm\u0171vet alaposan \u00e1tvizsg\u00e1lj\u00e1k, hogy meggy\u0151z\u0151djenek a biztons\u00e1gos k\u00f6zleked\u00e9shez sz\u00fcks\u00e9ges felt\u00e9telek megl\u00e9t\u00e9r\u0151l. Ez mag\u00e1ban foglalja a f\u00e9kek, a korm\u00e1nyz\u00e1s, a l\u00e1mp\u00e1k, a gumiabroncsok \u00e9s a fut\u00f3m\u0171 ellen\u0151rz\u00e9s\u00e9t. Ha a j\u00e1rm\u0171 minden k\u00f6vetelm\u00e9nynek megfelel, akkor a vizsg\u00e1ztat\u00f3 ki\u00e1ll\u00edtja a m\u0171szaki vizsga igazol\u00e1st, amely bizony\u00edtja, hogy a j\u00e1rm\u0171 alkalmas a k\u00f6z\u00fati k\u00f6zleked\u00e9sre.<\/p>\n<p>Az aut\u00f3k biztons\u00e1gos k\u00f6zleked\u00e9s\u00e9nek alapja a m\u0171szaki vizsg\u00e1ztat\u00e1s. A j\u00e1rm\u0171vek rendszeres m\u0171szaki vizsg\u00e1ztat\u00e1sa biztos\u00edtja, hogy az aut\u00f3k megfeleljenek a biztons\u00e1gi el\u0151\u00edr\u00e1soknak \u00e9s a k\u00f6zleked\u00e9si szab\u00e1lyoknak. A m\u0171szaki vizsg\u00e1ztat\u00e1s sor\u00e1n az aut\u00f3k olyan alkatr\u00e9szei ker\u00fclnek ellen\u0151rz\u00e9sre, amelyek k\u00f6zvetlen hat\u00e1ssal vannak a j\u00e1rm\u0171 biztons\u00e1g\u00e1ra, mint p\u00e9ld\u00e1ul a f\u00e9kek \u00e9s a korm\u00e1nyz\u00e1s. Ha ezek a r\u00e9szek nem megfelel\u0151 \u00e1llapotban vannak, akkor az aut\u00f3 nem lesz k\u00e9pes biztons\u00e1gosan k\u00f6zlekedni az utakon.<\/p>\n<p>A j\u00e1rm\u0171vek m\u0171szaki vizsg\u00e1ztat\u00e1s\u00e1nak fontoss\u00e1ga nem csup\u00e1n a k\u00f6zleked\u00e9si szab\u00e1lyok betart\u00e1s\u00e1ban rejlik, hanem az emberek \u00e9let\u00e9nek \u00e9s vagyon\u00e1nak v\u00e9delm\u00e9ben is. A rosszul karbantartott j\u00e1rm\u0171vek baleseteket okozhatnak, amelyek s\u00falyos s\u00e9r\u00fcl\u00e9seket \u00e9s ak\u00e1r hal\u00e1leseteket is eredm\u00e9nyezhetnek. A m\u0171szaki vizsg\u00e1ztat\u00e1s seg\u00edt megel\u0151zni ezeket a baleseteket, mivel az ellen\u0151rz\u00e9sek sor\u00e1n az aut\u00f3k olyan hib\u00e1i is felfedezhet\u0151ek, amelyek a k\u00f6z\u00fati k\u00f6zleked\u00e9s sor\u00e1n probl\u00e9m\u00e1kat okozhatnak.<\/p>\n<p>A k\u00f6vetelm\u00e9nyek betart\u00e1s\u00e1nak jelent\u0151s\u00e9ge nem csup\u00e1n a j\u00e1rm\u0171vezet\u0151k, hanem az eg\u00e9sz k\u00f6zleked\u00e9si rendszer szempontj\u00e1b\u00f3l is fontos. Az aut\u00f3k biztons\u00e1gos k\u00f6zleked\u00e9se nem csak az aut\u00f3sok, hanem a gyalogosok \u00e9s a ker\u00e9kp\u00e1rosok sz\u00e1m\u00e1ra is fontos. Ha egy j\u00e1rm\u0171 nem felel meg a m\u0171szaki vizsga k\u00f6vetelm\u00e9nyeinek, akkor az kock\u00e1zatot jelent mind a j\u00e1rm\u0171vezet\u0151, mind a t\u00f6bbi k\u00f6zleked\u0151 sz\u00e1m\u00e1ra.<\/p>\n<p>A m\u0171szaki vizsg\u00e1ztat\u00e1s folyamata \u00e9s k\u00f6vetelm\u00e9nyei teh\u00e1t alapvet\u0151 fontoss\u00e1g\u00faak az aut\u00f3k biztons\u00e1gos k\u00f6zleked\u00e9s\u00e9nek szempontj\u00e1b\u00f3l. A rendszeres m\u0171szaki vizsg\u00e1ztat\u00e1s seg\u00edt megel\u0151zni a baleseteket \u00e9s v\u00e9di az emberek \u00e9let\u00e9t \u00e9s vagyon\u00e1t. Ahogy a k\u00f6zleked\u00e9si szak\u00e9rt\u0151, mondta: &#8222;A m\u0171szaki vizsg\u00e1ztat\u00e1s nem csak egy k\u00f6telez\u0151 teend\u0151, hanem egy felel\u0151ss\u00e9gteljes d\u00f6nt\u00e9s az aut\u00f3sok r\u00e9sz\u00e9r\u0151l, hogy biztons\u00e1gos k\u00f6zleked\u00e9st biztos\u00edtsanak maguknak \u00e9s m\u00e1soknak.&#8221; Teh\u00e1t ne feledj\u00fck, hogy a m\u0171szaki vizsg\u00e1ztat\u00e1s nem csak egy adminisztrat\u00edv feladat, hanem az aut\u00f3k biztons\u00e1gos k\u00f6zleked\u00e9s\u00e9nek alapja.<\/p>\n<p>[\/et_pb_text][\/et_pb_column][\/et_pb_row][\/et_pb_section]<\/p>\n","protected":false},"excerpt":{"rendered":"<p>M\u0171szaki vizsg\u00e1ztat\u00e1sA m\u0171szaki vizsg\u00e1ztat\u00e1s folyamata \u00e9s k\u00f6vetelm\u00e9nyei kulcsfontoss\u00e1g\u00faak az aut\u00f3k biztons\u00e1gos k\u00f6zleked\u00e9s\u00e9nek alapjai szempontj\u00e1b\u00f3l. A j\u00e1rm\u0171vek m\u0171szaki vizsg\u00e1ztat\u00e1s\u00e1nak fontoss\u00e1ga \u00e9s a k\u00f6vetelm\u00e9nyek betart\u00e1s\u00e1nak jelent\u0151s\u00e9ge nem csup\u00e1n a jogszab\u00e1lyoknak val\u00f3 megfelel\u00e9st jelenti, hanem az emberek \u00e9let\u00e9nek \u00e9s vagyon\u00e1nak v\u00e9delm\u00e9t is szolg\u00e1lja.A m\u0171szaki vizsg\u00e1ztat\u00e1s folyamata t\u00f6bb l\u00e9p\u00e9sb\u0151l \u00e1ll. El\u0151sz\u00f6r is, a j\u00e1rm\u0171vet be kell jelenteni a vizsg\u00e1ra, [&hellip;]<\/p>\n","protected":false},"author":1,"featured_media":0,"parent":0,"menu_order":0,"comment_status":"closed","ping_status":"closed","template":"","meta":{"_et_pb_use_builder":"on","_et_pb_old_content":"","_et_gb_content_width":"","inline_featured_image":false,"footnotes":""},"_links":{"self":[{"href":"https:\/\/opeldanubia.hu\/index.php\/wp-json\/wp\/v2\/pages\/921"}],"collection":[{"href":"https:\/\/opeldanubia.hu\/index.php\/wp-json\/wp\/v2\/pages"}],"about":[{"href":"https:\/\/opeldanubia.hu\/index.php\/wp-json\/wp\/v2\/types\/page"}],"author":[{"embeddable":true,"href":"https:\/\/opeldanubia.hu\/index.php\/wp-json\/wp\/v2\/users\/1"}],"replies":[{"embeddable":true,"href":"https:\/\/opeldanubia.hu\/index.php\/wp-json\/wp\/v2\/comments?post=921"}],"version-history":[{"count":3,"href":"https:\/\/opeldanubia.hu\/index.php\/wp-json\/wp\/v2\/pages\/921\/revisions"}],"predecessor-version":[{"id":951,"href":"https:\/\/opeldanubia.hu\/index.php\/wp-json\/wp\/v2\/pages\/921\/revisions\/951"}],"wp:attachment":[{"href":"https:\/\/opeldanubia.hu\/index.php\/wp-json\/wp\/v2\/media?parent=921"}],"curies":[{"name":"wp","href":"https:\/\/api.w.org\/{rel}","templated":true}]}}