{"id":920,"date":"2023-08-07T09:15:18","date_gmt":"2023-08-07T07:15:18","guid":{"rendered":"http:\/\/opeldanubia.hu\/?page_id=920"},"modified":"2023-08-07T09:30:04","modified_gmt":"2023-08-07T07:30:04","slug":"gepjarmu-karrendezes","status":"publish","type":"page","link":"https:\/\/opeldanubia.hu\/index.php\/gepjarmu-karrendezes\/","title":{"rendered":"G\u00e9pj\u00e1rm\u0171 k\u00e1rrendez\u00e9s"},"content":{"rendered":"<p>[et_pb_section fb_built=&#8221;1&#8243; _builder_version=&#8221;4.21.2&#8243; _module_preset=&#8221;default&#8221; global_colors_info=&#8221;{}&#8221;][et_pb_row column_structure=&#8221;1_2,1_2&#8243; _builder_version=&#8221;4.21.2&#8243; _module_preset=&#8221;default&#8221; global_colors_info=&#8221;{}&#8221;][et_pb_column type=&#8221;1_2&#8243; _builder_version=&#8221;4.21.2&#8243; _module_preset=&#8221;default&#8221; global_colors_info=&#8221;{}&#8221;][et_pb_image src=&#8221;http:\/\/opeldanubia.hu\/wp-content\/uploads\/2023\/08\/karrendezes.webp&#8221; _builder_version=&#8221;4.21.2&#8243; _module_preset=&#8221;default&#8221; hover_enabled=&#8221;0&#8243; global_colors_info=&#8221;{}&#8221; sticky_enabled=&#8221;0&#8243;][\/et_pb_image][\/et_pb_column][et_pb_column type=&#8221;1_2&#8243; _builder_version=&#8221;4.21.2&#8243; _module_preset=&#8221;default&#8221; global_colors_info=&#8221;{}&#8221;][et_pb_text _builder_version=&#8221;4.21.2&#8243; _module_preset=&#8221;default&#8221; header_font=&#8221;Oswald|600|||||||&#8221; header_text_color=&#8221;#EFBF3A&#8221; header_font_size=&#8221;40px&#8221; custom_margin=&#8221;||0px||false|false&#8221; custom_padding=&#8221;||||false|false&#8221; hover_enabled=&#8221;0&#8243; header_font_size_tablet=&#8221;40px&#8221; header_font_size_phone=&#8221;20px&#8221; header_font_size_last_edited=&#8221;on|desktop&#8221; global_colors_info=&#8221;{}&#8221; sticky_enabled=&#8221;0&#8243;]<\/p>\n<h1>G\u00e9pj\u00e1rm\u0171 k\u00e1rrendez\u00e9s<\/h1>\n<p>[\/et_pb_text][et_pb_divider color=&#8221;#080C2B&#8221; divider_weight=&#8221;4px&#8221; _builder_version=&#8221;4.21.2&#8243; _module_preset=&#8221;default&#8221; width=&#8221;20%&#8221; global_colors_info=&#8221;{}&#8221;][\/et_pb_divider][et_pb_text _builder_version=&#8221;4.21.2&#8243; _module_preset=&#8221;default&#8221; text_orientation=&#8221;justified&#8221; hover_enabled=&#8221;0&#8243; global_colors_info=&#8221;{}&#8221; sticky_enabled=&#8221;0&#8243;]<\/p>\n<p>A gyors \u00e9s hat\u00e9kony g\u00e9pj\u00e1rm\u0171 k\u00e1rrendez\u00e9s: a biztons\u00e1g \u00e9s a gazdas\u00e1goss\u00e1g kulcsa<\/p>\n<p>A g\u00e9pj\u00e1rm\u0171 k\u00e1rrendez\u00e9s gyors \u00e9s hat\u00e9kony v\u00e9grehajt\u00e1sa rendk\u00edv\u00fcl fontos mind a g\u00e9pj\u00e1rm\u0171vezet\u0151k, mind a t\u00e1rsadalom szempontj\u00e1b\u00f3l. A gyors \u00e9s hat\u00e9kony k\u00e1rrendez\u00e9s nem csak a biztons\u00e1got szolg\u00e1lja, hanem hozz\u00e1j\u00e1rul a gazdas\u00e1goss\u00e1ghoz is. Ez\u00e9rt nem szabad halogatni a g\u00e9pj\u00e1rm\u0171 k\u00e1rrendez\u00e9st, mivel ez s\u00falyos k\u00f6vetkezm\u00e9nyekkel j\u00e1rhat.<\/p>\n<p>[\/et_pb_text][\/et_pb_column][\/et_pb_row][et_pb_row _builder_version=&#8221;4.21.2&#8243; _module_preset=&#8221;default&#8221; global_colors_info=&#8221;{}&#8221;][et_pb_column type=&#8221;4_4&#8243; _builder_version=&#8221;4.21.2&#8243; _module_preset=&#8221;default&#8221; global_colors_info=&#8221;{}&#8221;][et_pb_text _builder_version=&#8221;4.21.2&#8243; _module_preset=&#8221;default&#8221; text_orientation=&#8221;justified&#8221; hover_enabled=&#8221;0&#8243; global_colors_info=&#8221;{}&#8221; sticky_enabled=&#8221;0&#8243;]<\/p>\n<p>A biztons\u00e1g az egyik legfontosabb t\u00e9nyez\u0151, amelyet figyelembe kell venni a g\u00e9pj\u00e1rm\u0171 k\u00e1rrendez\u00e9s sor\u00e1n. Az aut\u00f3kban bek\u00f6vetkez\u0151 k\u00e1rok, legyenek azok kisebb vagy nagyobbak, jelent\u0151s hat\u00e1ssal lehetnek a j\u00e1rm\u0171 vezet\u00e9s\u00e9re \u00e9s a vezet\u0151k biztons\u00e1g\u00e1ra. Egy s\u00e9r\u00fclt j\u00e1rm\u0171 eset\u00e9n a f\u00e9kek, a korm\u00e1nyz\u00e1s vagy a fut\u00f3m\u0171 m\u0171k\u00f6d\u00e9se is vesz\u00e9lybe ker\u00fclhet, ami n\u00f6veli a balesetek kock\u00e1zat\u00e1t. A gyors \u00e9s hat\u00e9kony k\u00e1rrendez\u00e9s lehet\u0151v\u00e9 teszi, hogy a j\u00e1rm\u0171vek min\u00e9l hamarabb visszanyerj\u00e9k eredeti \u00e1llapotukat, \u00e9s biztons\u00e1gosan haszn\u00e1lhat\u00f3ak legyenek \u00fajra.<\/p>\n<p>A gazdas\u00e1goss\u00e1g is fontos szempont a g\u00e9pj\u00e1rm\u0171 k\u00e1rrendez\u00e9s sor\u00e1n. A k\u00e1rosodott j\u00e1rm\u0171vek halogatott vagy nem megfelel\u0151 k\u00e1rrendez\u00e9se jelent\u0151s k\u00f6lts\u00e9geket okozhat a tulajdonosoknak. A k\u00e9sleked\u00e9s miatt a k\u00e1rok tov\u00e1bb s\u00falyosbodhatnak, \u00e9s a jav\u00edt\u00e1si k\u00f6lts\u00e9gek megn\u0151hetnek. Ezenk\u00edv\u00fcl, ha a j\u00e1rm\u0171 nem haszn\u00e1lhat\u00f3, akkor a tulajdonosnak alternat\u00edv k\u00f6zleked\u00e9si lehet\u0151s\u00e9get kell tal\u00e1lnia, ami tov\u00e1bbi kiad\u00e1sokat jelenthet. A gyors \u00e9s hat\u00e9kony k\u00e1rrendez\u00e9s lehet\u0151v\u00e9 teszi a tulajdonosok sz\u00e1m\u00e1ra, hogy min\u00e9l hamarabb visszakapj\u00e1k j\u00e1rm\u0171veiket, \u00e9s minimaliz\u00e1lj\u00e1k a k\u00f6lts\u00e9geket.<\/p>\n<p>Nem szabad halogatni a g\u00e9pj\u00e1rm\u0171 k\u00e1rrendez\u00e9st, mivel ez s\u00falyos k\u00f6vetkezm\u00e9nyekkel j\u00e1rhat. A k\u00e1rosodott j\u00e1rm\u0171vek tov\u00e1bbi k\u00e1rokat szenvedhetnek, ha nem ker\u00fclnek id\u0151ben jav\u00edt\u00e1sra. P\u00e9ld\u00e1ul, ha egy kisebb karossz\u00e9ria s\u00e9r\u00fcl\u00e9s nem ker\u00fcl kijav\u00edt\u00e1sra, akkor az id\u0151 m\u00fal\u00e1s\u00e1val a rozsda terjedhet, \u00e9s a s\u00e9r\u00fcl\u00e9s nagyobb m\u00e9rt\u00e9k\u0171v\u00e9 v\u00e1lhat. Ez nem csak a j\u00e1rm\u0171 \u00e9rt\u00e9k\u00e9t cs\u00f6kkenti, hanem a jav\u00edt\u00e1si k\u00f6lts\u00e9geket is n\u00f6veli. Ezenk\u00edv\u00fcl, ha a j\u00e1rm\u0171 nem megfelel\u0151en m\u0171k\u00f6dik, akkor a vezet\u0151k \u00e9s m\u00e1s k\u00f6zleked\u0151k biztons\u00e1ga is vesz\u00e9lybe ker\u00fclhet.<\/p>\n<p>Az id\u00e9zetek \u00e9s statisztik\u00e1k haszn\u00e1lata tov\u00e1bb er\u0151s\u00edti az \u00e9rveket \u00e9s bevonja az olvas\u00f3t. P\u00e9ld\u00e1ul, egy statisztika szerint az Egyes\u00fclt \u00c1llamokban \u00e9vente t\u00f6bb mint 6 milli\u00f3 aut\u00f3baleset t\u00f6rt\u00e9nik, amelyeknek jelent\u0151s r\u00e9sze k\u00e1rosodott j\u00e1rm\u0171vekkel j\u00e1r. Ez azt mutatja, hogy a g\u00e9pj\u00e1rm\u0171 k\u00e1rrendez\u00e9s fontos szerepet j\u00e1tszik a balesetek megel\u0151z\u00e9s\u00e9ben \u00e9s a k\u00f6z\u00fati biztons\u00e1g jav\u00edt\u00e1s\u00e1ban. Egy m\u00e1sik p\u00e9lda lehet egy id\u00e9zet egy j\u00e1rm\u0171tulajdonost\u00f3l, aki elmondja, hogy a gyors \u00e9s hat\u00e9kony k\u00e1rrendez\u00e9s seg\u00edtett neki minimaliz\u00e1lni a k\u00f6lts\u00e9geket \u00e9s biztons\u00e1gosan haszn\u00e1lni j\u00e1rm\u0171v\u00e9t \u00fajra.<\/p>\n<p>A gyors \u00e9s hat\u00e9kony g\u00e9pj\u00e1rm\u0171 k\u00e1rrendez\u00e9s kulcsfontoss\u00e1g\u00fa a biztons\u00e1g \u00e9s a gazdas\u00e1goss\u00e1g szempontj\u00e1b\u00f3l. Nem szabad halogatni a k\u00e1rrendez\u00e9st, mivel ez s\u00falyos k\u00f6vetkezm\u00e9nyekkel j\u00e1rhat mind a j\u00e1rm\u0171vezet\u0151k, mind a t\u00e1rsadalom sz\u00e1m\u00e1ra.<\/p>\n<p>[\/et_pb_text][\/et_pb_column][\/et_pb_row][\/et_pb_section]<\/p>\n","protected":false},"excerpt":{"rendered":"<p>G\u00e9pj\u00e1rm\u0171 k\u00e1rrendez\u00e9sA gyors \u00e9s hat\u00e9kony g\u00e9pj\u00e1rm\u0171 k\u00e1rrendez\u00e9s: a biztons\u00e1g \u00e9s a gazdas\u00e1goss\u00e1g kulcsa A g\u00e9pj\u00e1rm\u0171 k\u00e1rrendez\u00e9s gyors \u00e9s hat\u00e9kony v\u00e9grehajt\u00e1sa rendk\u00edv\u00fcl fontos mind a g\u00e9pj\u00e1rm\u0171vezet\u0151k, mind a t\u00e1rsadalom szempontj\u00e1b\u00f3l. A gyors \u00e9s hat\u00e9kony k\u00e1rrendez\u00e9s nem csak a biztons\u00e1got szolg\u00e1lja, hanem hozz\u00e1j\u00e1rul a gazdas\u00e1goss\u00e1ghoz is. Ez\u00e9rt nem szabad halogatni a g\u00e9pj\u00e1rm\u0171 k\u00e1rrendez\u00e9st, mivel ez s\u00falyos k\u00f6vetkezm\u00e9nyekkel [&hellip;]<\/p>\n","protected":false},"author":1,"featured_media":0,"parent":0,"menu_order":0,"comment_status":"closed","ping_status":"closed","template":"","meta":{"_et_pb_use_builder":"on","_et_pb_old_content":"","_et_gb_content_width":"","inline_featured_image":false,"footnotes":""},"_links":{"self":[{"href":"https:\/\/opeldanubia.hu\/index.php\/wp-json\/wp\/v2\/pages\/920"}],"collection":[{"href":"https:\/\/opeldanubia.hu\/index.php\/wp-json\/wp\/v2\/pages"}],"about":[{"href":"https:\/\/opeldanubia.hu\/index.php\/wp-json\/wp\/v2\/types\/page"}],"author":[{"embeddable":true,"href":"https:\/\/opeldanubia.hu\/index.php\/wp-json\/wp\/v2\/users\/1"}],"replies":[{"embeddable":true,"href":"https:\/\/opeldanubia.hu\/index.php\/wp-json\/wp\/v2\/comments?post=920"}],"version-history":[{"count":3,"href":"https:\/\/opeldanubia.hu\/index.php\/wp-json\/wp\/v2\/pages\/920\/revisions"}],"predecessor-version":[{"id":945,"href":"https:\/\/opeldanubia.hu\/index.php\/wp-json\/wp\/v2\/pages\/920\/revisions\/945"}],"wp:attachment":[{"href":"https:\/\/opeldanubia.hu\/index.php\/wp-json\/wp\/v2\/media?parent=920"}],"curies":[{"name":"wp","href":"https:\/\/api.w.org\/{rel}","templated":true}]}}