{"id":815,"date":"2023-08-02T13:21:49","date_gmt":"2023-08-02T11:21:49","guid":{"rendered":"http:\/\/opeldanubia.hu\/?page_id=815"},"modified":"2023-08-02T15:21:19","modified_gmt":"2023-08-02T13:21:19","slug":"rolunk","status":"publish","type":"page","link":"https:\/\/opeldanubia.hu\/index.php\/rolunk\/","title":{"rendered":"R\u00f3lunk"},"content":{"rendered":"<p>[et_pb_section fb_built=&#8221;1&#8243; admin_label=&#8221;About&#8221; _builder_version=&#8221;4.21.0&#8243; background_color=&#8221;#eaeaf1&#8243; background_enable_image=&#8221;off&#8221; custom_padding=&#8221;0px||0px||true|false&#8221; global_colors_info=&#8221;{}&#8221;][et_pb_row column_structure=&#8221;2_5,3_5&#8243; custom_padding_last_edited=&#8221;on|desktop&#8221; _builder_version=&#8221;4.21.0&#8243; use_background_color_gradient=&#8221;on&#8221; background_color_gradient_direction=&#8221;106deg&#8221; background_color_gradient_stops=&#8221;rgba(8,12,43,0.87) 42%|rgba(255,255,255,0) 42%&#8221; background_color_gradient_overlays_image=&#8221;on&#8221; background_image=&#8221;http:\/\/opeldanubia.hu\/wp-content\/uploads\/2023\/08\/fooldal-rolunk2.webp&#8221; width=&#8221;100%&#8221; width_tablet=&#8221;100%&#8221; width_phone=&#8221;100%&#8221; width_last_edited=&#8221;on|desktop&#8221; max_width=&#8221;100%&#8221; min_height_tablet=&#8221;&#8221; min_height_phone=&#8221;&#8221; min_height_last_edited=&#8221;on|desktop&#8221; height=&#8221;800px&#8221; height_tablet=&#8221;800px&#8221; height_phone=&#8221;800px&#8221; height_last_edited=&#8221;on|desktop&#8221; custom_margin=&#8221;0px||||false|false&#8221; custom_margin_tablet=&#8221;0px||||false|false&#8221; custom_margin_phone=&#8221;0px||||false|false&#8221; custom_margin_last_edited=&#8221;on|desktop&#8221; custom_padding=&#8221;0px||||false|false&#8221; custom_padding_tablet=&#8221;0px||||false|false&#8221; custom_padding_phone=&#8221;0px||||false|false&#8221; global_colors_info=&#8221;{}&#8221;][et_pb_column type=&#8221;2_5&#8243; _builder_version=&#8221;4.21.0&#8243; background_enable_image=&#8221;off&#8221; custom_padding=&#8221;|||&#8221; global_colors_info=&#8221;{}&#8221; custom_padding__hover=&#8221;|||&#8221;][et_pb_text _builder_version=&#8221;4.21.0&#8243; text_font=&#8221;|600|||||||&#8221; text_line_height=&#8221;2em&#8221; header_font=&#8221;||||||||&#8221; header_2_font=&#8221;Khand|700|on|on|||||&#8221; header_2_text_color=&#8221;#EFBF3A&#8221; header_2_font_size=&#8221;64px&#8221; header_2_letter_spacing=&#8221;2px&#8221; header_2_line_height=&#8221;1.2em&#8221; custom_margin=&#8221;100px||100px|100px|true|false&#8221; custom_margin_tablet=&#8221;100px||100px|100px|true|false&#8221; custom_margin_phone=&#8221;100px||100px|100px|true|false&#8221; custom_margin_last_edited=&#8221;on|desktop&#8221; animation_style=&#8221;slide&#8221; animation_direction=&#8221;left&#8221; animation_duration=&#8221;2000ms&#8221; animation_intensity_slide=&#8221;40%&#8221; header_2_font_size_tablet=&#8221;40px&#8221; header_2_font_size_phone=&#8221;30px&#8221; header_2_font_size_last_edited=&#8221;on|desktop&#8221; header_2_letter_spacing_tablet=&#8221;2px&#8221; header_2_letter_spacing_phone=&#8221;2px&#8221; header_2_letter_spacing_last_edited=&#8221;on|desktop&#8221; locked=&#8221;off&#8221; global_colors_info=&#8221;{}&#8221;]<\/p>\n<h2>Mi\u00e9rt \u00e9rdemes minket v\u00e1lasztania?!<\/h2>\n<p>[\/et_pb_text][et_pb_text _builder_version=&#8221;4.21.0&#8243; text_font=&#8221;|600|||||||&#8221; text_text_color=&#8221;#FFFFFF&#8221; text_line_height=&#8221;2em&#8221; header_font=&#8221;||||||||&#8221; header_2_font=&#8221;Khand|700||on|||||&#8221; header_2_font_size=&#8221;60px&#8221; header_2_line_height=&#8221;1.2em&#8221; text_orientation=&#8221;justified&#8221; custom_margin=&#8221;-39px|||100px|false|false&#8221; custom_margin_tablet=&#8221;-39px|||100px|false|false&#8221; custom_margin_phone=&#8221;-39px|||100px|false|false&#8221; custom_margin_last_edited=&#8221;on|desktop&#8221; custom_padding=&#8221;0px||||false|false&#8221; header_2_font_size_tablet=&#8221;40px&#8221; header_2_font_size_phone=&#8221;30px&#8221; header_2_font_size_last_edited=&#8221;on|desktop&#8221; text_orientation_tablet=&#8221;justified&#8221; text_orientation_phone=&#8221;justified&#8221; text_orientation_last_edited=&#8221;on|desktop&#8221; locked=&#8221;off&#8221; global_colors_info=&#8221;{}&#8221;]<\/p>\n<p>Aut\u00f3szerel\u00e9sben el\u0151ny \u00e9s fontos a szak\u00e9rtelem, de nagyon sokat sz\u00e1m\u00edt a tapasztalat is ahhoz, hogy a probl\u00e9m\u00e1t gyorsan megtal\u00e1ljuk, felismerj\u00fck \u00e9s szakszer\u0171en tudjuk kezelni. T\u00f6bb mint 28 \u00e9v \u00e1ll m\u00f6g\u00f6tt\u00fcnk ami garancia \u00fcgyfeleink el\u00e9gedetts\u00e9g\u00e9re, \u00e9s biztons\u00e1g\u00e9rzetet ad sz\u00e1mukra, hogy aut\u00f3juk j\u00f3 kezekben van n\u00e1lunk.<\/p>\n<p>Hozz\u00e1\u00e9rt\u00e9s \u00e9s munkaszeretet jellemzi koll\u00e9g\u00e1inkat akik minden munk\u00e1nak \u00fagy \u00e1llnak hozz\u00e1 mintha a saj\u00e1tjuk lenne. Minden esetben a probl\u00e9ma megold\u00e1s\u00e1ra koncentr\u00e1lunk, \u00e9s k\u00f6lts\u00e9ghat\u00e9konyan hossz\u00fat\u00e1vra tervez\u00fcnk, hogy el\u00e9gedetten t\u00e1vozzon t\u0151l\u00fcnk mindenki.<\/p>\n<p>[\/et_pb_text][et_pb_divider color=&#8221;#EFBF3A&#8221; divider_style=&#8221;double&#8221; divider_weight=&#8221;10px&#8221; _builder_version=&#8221;4.21.0&#8243; transform_skew=&#8221;-20deg|0deg&#8221; max_width=&#8221;100px&#8221; height=&#8221;10px&#8221; custom_margin=&#8221;|||100px|false|false&#8221; custom_margin_tablet=&#8221;|||100px|false|false&#8221; custom_margin_phone=&#8221;|||100px|false|false&#8221; custom_margin_last_edited=&#8221;on|desktop&#8221; locked=&#8221;off&#8221; global_colors_info=&#8221;{}&#8221;][\/et_pb_divider][\/et_pb_column][et_pb_column type=&#8221;3_5&#8243; _builder_version=&#8221;4.16&#8243; custom_padding=&#8221;|||&#8221; global_colors_info=&#8221;{}&#8221; custom_padding__hover=&#8221;|||&#8221;][\/et_pb_column][\/et_pb_row][\/et_pb_section]<\/p>\n","protected":false},"excerpt":{"rendered":"<p>Mi\u00e9rt \u00e9rdemes minket v\u00e1lasztania?!Aut\u00f3szerel\u00e9sben el\u0151ny \u00e9s fontos a szak\u00e9rtelem, de nagyon sokat sz\u00e1m\u00edt a tapasztalat is ahhoz, hogy a probl\u00e9m\u00e1t gyorsan megtal\u00e1ljuk, felismerj\u00fck \u00e9s szakszer\u0171en tudjuk kezelni. T\u00f6bb mint 28 \u00e9v \u00e1ll m\u00f6g\u00f6tt\u00fcnk ami garancia \u00fcgyfeleink el\u00e9gedetts\u00e9g\u00e9re, \u00e9s biztons\u00e1g\u00e9rzetet ad sz\u00e1mukra, hogy aut\u00f3juk j\u00f3 kezekben van n\u00e1lunk. Hozz\u00e1\u00e9rt\u00e9s \u00e9s munkaszeretet jellemzi koll\u00e9g\u00e1inkat akik minden munk\u00e1nak [&hellip;]<\/p>\n","protected":false},"author":1,"featured_media":0,"parent":0,"menu_order":0,"comment_status":"closed","ping_status":"closed","template":"","meta":{"_et_pb_use_builder":"on","_et_pb_old_content":"","_et_gb_content_width":"","inline_featured_image":false,"footnotes":""},"_links":{"self":[{"href":"https:\/\/opeldanubia.hu\/index.php\/wp-json\/wp\/v2\/pages\/815"}],"collection":[{"href":"https:\/\/opeldanubia.hu\/index.php\/wp-json\/wp\/v2\/pages"}],"about":[{"href":"https:\/\/opeldanubia.hu\/index.php\/wp-json\/wp\/v2\/types\/page"}],"author":[{"embeddable":true,"href":"https:\/\/opeldanubia.hu\/index.php\/wp-json\/wp\/v2\/users\/1"}],"replies":[{"embeddable":true,"href":"https:\/\/opeldanubia.hu\/index.php\/wp-json\/wp\/v2\/comments?post=815"}],"version-history":[{"count":3,"href":"https:\/\/opeldanubia.hu\/index.php\/wp-json\/wp\/v2\/pages\/815\/revisions"}],"predecessor-version":[{"id":898,"href":"https:\/\/opeldanubia.hu\/index.php\/wp-json\/wp\/v2\/pages\/815\/revisions\/898"}],"wp:attachment":[{"href":"https:\/\/opeldanubia.hu\/index.php\/wp-json\/wp\/v2\/media?parent=815"}],"curies":[{"name":"wp","href":"https:\/\/api.w.org\/{rel}","templated":true}]}}